{"id":1027,"date":"2021-06-13T11:30:22","date_gmt":"2021-06-13T08:30:22","guid":{"rendered":"https:\/\/leylalasberg.ee\/?page_id=1027"},"modified":"2021-06-13T11:31:56","modified_gmt":"2021-06-13T08:31:56","slug":"feedback","status":"publish","type":"page","link":"https:\/\/leylalasberg.ee\/en\/feedback\/","title":{"rendered":"Feedback"},"content":{"rendered":"<div id='av_section_1'  class='avia-section main_color avia-section-default avia-no-border-styling  avia-full-stretch av-section-color-overlay-active avia-bg-style-scroll  avia-builder-el-0  el_before_av_section  avia-builder-el-first   av-minimum-height av-minimum-height-custom  container_wrap sidebar_right' style='background-repeat: no-repeat; background-image: url(https:\/\/leylalasberg.ee\/wp-content\/uploads\/2021\/05\/s1-1500x430.jpg);background-attachment: scroll; background-position: center center;  '  data-section-bg-repeat='stretch'><div class='av-section-color-overlay-wrap'><div class='av-section-color-overlay' style='opacity: 0.5; background-color: #0a0a0a; '><\/div><div class='container' style='height:200px'><main  role=\"main\" itemprop=\"mainContentOfPage\"  class='template-page content  av-content-small alpha units'><div class='post-entry post-entry-type-page post-entry-1027'><div class='entry-content-wrapper clearfix'>\n<div  style='padding-bottom:10px; color:#ffffff;' class='av-special-heading av-special-heading-h2 custom-color-heading blockquote modern-quote  avia-builder-el-1  avia-builder-el-no-sibling  '><h2 class='av-special-heading-tag '  itemprop=\"headline\"  >Feedback<\/h2><div class='special-heading-border'><div class='special-heading-inner-border' style='border-color:#ffffff'><\/div><\/div><\/div>\n\n<\/div><\/div><\/main><!-- close content main element --><\/div><\/div><\/div><div id='av_section_2'  class='avia-section main_color avia-section-default avia-no-border-styling  avia-bg-style-scroll  avia-builder-el-2  el_after_av_section  avia-builder-el-last   av-arrow-down-section container_wrap sidebar_right' style='background-color: #f9f9f9;  '  ><div class='container' ><div class='template-page content  av-content-small alpha units'><div class='post-entry post-entry-type-page post-entry-1027'><div class='entry-content-wrapper clearfix'>\n<div class=\"flex_column av_one_half  flex_column_div av-zero-column-padding first  avia-builder-el-3  el_before_av_one_half  avia-builder-el-first  \" style='border-radius:0px; '><section class=\"av_textblock_section \"  itemscope=\"itemscope\" itemtype=\"https:\/\/schema.org\/CreativeWork\" ><div class='avia_textblock  '  style='font-size:16px; '  itemprop=\"text\" ><p><strong><a href=\"https:\/\/www.google.com\/maps\/contrib\/106483528253993856147?hl=et-EE&amp;sa=X&amp;ved=2ahUKEwiL1KqZ7pPxAhUUBBAIHZsfCfQQvvQBegQIARAZ\">Raili M\u00e4gi<\/a><\/strong>:&#8221;<em> <span class=\"ODSEW-ShBeI-text\">Leidsin tee Leyla juurde t\u00e4itsa juhuslikult ja mul on V\u00e4ga Hea Meel, et nii juhtus. N\u00fc\u00fcdseks olen Tema juures massaazhis juba \u00fcle kahe aasta regulaarselt k\u00e4inud. Tulen Tema juurest alati positiivsema oleku, rahulikuma f\u00fc\u00fcsise ja parema tujuga- see on see miskit, mida Ta nii h\u00e4sti oskab. \ud83d\ude42 Soovitan Teda julgelt k\u00f5igile, kes tahavad iseendaga t\u00f6\u00f6d teha ja enda keha laadida positiivsete emotsioonidega. Suur suur ait\u00e4h Sulle, Leyla, et tulid nii \u00f5igel hetkel mind abistama. \ud83d\ude42&#8221;<\/span><\/em><\/p>\n<\/div><\/section><\/div><div class=\"flex_column av_one_half  flex_column_div av-zero-column-padding   avia-builder-el-5  el_after_av_one_half  el_before_av_one_half  \" style='border-radius:0px; '><section class=\"av_textblock_section \"  itemscope=\"itemscope\" itemtype=\"https:\/\/schema.org\/CreativeWork\" ><div class='avia_textblock  '  style='font-size:16px; '  itemprop=\"text\" ><p><strong><a href=\"https:\/\/www.google.com\/maps\/contrib\/108018694603788065230?hl=et-EE&amp;sa=X&amp;ved=2ahUKEwi19vTO75PxAhXF_ioKHUq1CEwQvvQBegQIARAl\">Nikolai Tolkatshjov<\/a>: &#8220;<\/strong><em> I initially went there for <a href=\"https:\/\/leylalasberg.ee\/massaazid\/spordimassaaz\/\">sports massage<\/a> with Leyla Lasberg. After my first session she suggested to try <a href=\"https:\/\/leylalasberg.ee\/massaazid\/tai-massaaz\/\">Thai yoga massage.<\/a> This was hands down one of the best experiences I\u2019ve had with a massage. If you live an active lifestyle or do any sport on regular basis then it\u2019s a must!<\/em><\/p>\n<p><strong><em>You will feel rejuvenated and relaxed after it. Leyla is an absolute master of her field who knows how to create a relaxing and cozy environment&#8221;<\/em><\/strong><\/p>\n<\/div><\/section><\/div><div class=\"flex_column av_one_half  flex_column_div av-zero-column-padding first  avia-builder-el-7  el_after_av_one_half  el_before_av_one_half  column-top-margin\" style='border-radius:0px; '><section class=\"av_textblock_section \"  itemscope=\"itemscope\" itemtype=\"https:\/\/schema.org\/CreativeWork\" ><div class='avia_textblock  '  style='font-size:16px; '  itemprop=\"text\" ><p><a href=\"https:\/\/www.google.com\/maps\/contrib\/112190157230961447552?hl=et-EE&amp;sa=X&amp;ved=2ahUKEwiL1KqZ7pPxAhUUBBAIHZsfCfQQvvQBegQIARBj\">M\u00e9ven Chauvet:&#8221;<\/a> <em><span class=\"ODSEW-ShBeI-text\">I&#8217;m a big fan of massages and Leyla is my favorite masseuse of Tallinn so far. She is very kind, I went up dozens of times and it&#8217;s always a very relaxing moment. And when I have <a href=\"https:\/\/leylalasberg.ee\/massaazid\/ravimassaaz\/\">pain in my back<\/a> Leyla know exactly how to make it disappear.&#8221; You should definitely try 1 hour with her.<\/span><\/em><\/p>\n<\/div><\/section><\/div><div class=\"flex_column av_one_half  flex_column_div av-zero-column-padding   avia-builder-el-9  el_after_av_one_half  el_before_av_one_half  column-top-margin\" style='border-radius:0px; '><section class=\"av_textblock_section \"  itemscope=\"itemscope\" itemtype=\"https:\/\/schema.org\/CreativeWork\" ><div class='avia_textblock  '  style='font-size:16px; '  itemprop=\"text\" ><p><a href=\"https:\/\/www.google.com\/maps\/contrib\/109680089661305185074?hl=et-EE&amp;sa=X&amp;ved=2ahUKEwiL1KqZ7pPxAhUUBBAIHZsfCfQQvvQBegUIARCDAQ\">Jekaterina Netsajeva<\/a>: <em>&#8220;<span class=\"ODSEW-ShBeI-text\">Found Leyla a few months ago and couldn\u2019t be happier!!! Was my first experience but after one session I didn\u2019t even consider going somewhere else. Amazing musle and mind work. A <a href=\"https:\/\/leylalasberg.ee\/massaazid\/leyla-teraapiline-massaaz\/\">masseuse and a therapist<\/a> in 1. Highly recommend to everyone!!&#8221;<\/span><\/em><\/p>\n<\/div><\/section><\/div><div class=\"flex_column av_one_half  flex_column_div av-zero-column-padding first  avia-builder-el-11  el_after_av_one_half  el_before_av_one_half  column-top-margin\" style='border-radius:0px; '><section class=\"av_textblock_section \"  itemscope=\"itemscope\" itemtype=\"https:\/\/schema.org\/CreativeWork\" ><div class='avia_textblock  '  style='font-size:16px; '  itemprop=\"text\" ><p><a href=\"https:\/\/www.google.com\/maps\/contrib\/104090736236727054375?hl=et-EE&amp;sa=X&amp;ved=2ahUKEwjx1-So9JPxAhXFpYsKHfirA3cQvvQBegQIARA4\">Marta 88<\/a>: <em>&#8220;Leyla juurde sattusin ma 2,5 aastat tagasi ja sellest ajast alates on Ta minu mass\u00f6\u00f6riks ka j\u00e4\u00e4nud. On tunda, tajuda et Ta on valinud endale ameti, mida Ta teeb hingega. Tunnine r\u00e4nnak koos Leyla ja massaaziga toob <a href=\"https:\/\/leylalasberg.ee\/massaazid\/leyla-teraapiline-massaaz\/\">selgust, kergust, tasakaalu<\/a>. Kiidan ja Soovitan Leylat.&#8221;<\/em><\/p>\n<\/div><\/section><\/div><div class=\"flex_column av_one_half  flex_column_div av-zero-column-padding   avia-builder-el-13  el_after_av_one_half  el_before_av_one_half  column-top-margin\" style='border-radius:0px; '><section class=\"av_textblock_section \"  itemscope=\"itemscope\" itemtype=\"https:\/\/schema.org\/CreativeWork\" ><div class='avia_textblock  '  style='font-size:16px; '  itemprop=\"text\" ><p><strong><a href=\"https:\/\/www.google.com\/maps\/contrib\/115182152173162793116?hl=et-EE&amp;sa=X&amp;ved=2ahUKEwjZwvSM8ZPxAhVL-yoKHTXbDiMQvvQBegQIARBa\">nassif soueidy<\/a> :<em>&#8220;<\/em><\/strong><em>One of the most professional massage I have ever received. In addition the masseuse was very nice and could speak English fluently. The place was so calm, clean and organized. The price was very affordable (35 euro) for an hour of <a href=\"https:\/\/leylalasberg.ee\/massaazid\/spordimassaaz\/\">sport massage<\/a>. Leyla Lasberg thanks for the amazing experience.&#8221;<\/em><\/p>\n<div class=\"jxjCjc\">\n<div>\n<div class=\"hTt9T\"><\/div>\n<\/div>\n<\/div>\n<div class=\"GmO6pf\"><\/div>\n<\/div><\/section><\/div><div class=\"flex_column av_one_half  flex_column_div av-zero-column-padding first  avia-builder-el-15  el_after_av_one_half  el_before_av_one_half  column-top-margin\" style='border-radius:0px; '><section class=\"av_textblock_section \"  itemscope=\"itemscope\" itemtype=\"https:\/\/schema.org\/CreativeWork\" ><div class='avia_textblock  '  style='font-size:16px; '  itemprop=\"text\" ><p><strong><a href=\"https:\/\/www.google.com\/maps\/contrib\/106283642157865404295?hl=et-EE&amp;sa=X&amp;ved=2ahUKEwjbxrGb8JPxAhXNk4sKHaMfAZ4QvvQBegQIARBr\">margus<\/a>:<\/strong> &#8220;<em>Leyla teeb suurep\u00e4rast<a href=\"https:\/\/leylalasberg.ee\/massaazid\/spordimassaaz\/\"> spordimassaa\u017e<\/a>i. Mu lihased on nii l\u00f5dvestunud ja tunnen, et p\u00e4rast massaa\u017eilauast alla ronimist pole minus enam stressi.<\/em><br \/>\n<em> Proovisin ka<a href=\"https:\/\/leylalasberg.ee\/massaazid\/klassikaline-rootsi-massaaz\/\"> rootsi<\/a> ja<a href=\"https:\/\/leylalasberg.ee\/massaazid\/tai-massaaz\/\"> tai massaa\u017e<\/a>i ning see on seda igati v\u00e4\u00e4rt. 100% soovitan.&#8221;<\/em><\/p>\n<\/div><\/section><\/div><div class=\"flex_column av_one_half  flex_column_div av-zero-column-padding   avia-builder-el-17  el_after_av_one_half  el_before_av_one_half  column-top-margin\" style='border-radius:0px; '><section class=\"av_textblock_section \"  itemscope=\"itemscope\" itemtype=\"https:\/\/schema.org\/CreativeWork\" ><div class='avia_textblock  '  style='font-size:16px; '  itemprop=\"text\" ><p><b><a href=\"https:\/\/www.google.com\/maps\/contrib\/108854687927227858386?hl=et-EE&amp;sa=X&amp;ved=2ahUKEwiL1KqZ7pPxAhUUBBAIHZsfCfQQvvQBegQIARAp\">K\u00fclli Esko<\/a> :&#8221;<\/b><em><span class=\"ODSEW-ShBeI-text\">Leyla juures massaa\u017eis k\u00e4imine pakub iga kord midagi hoopis enamat kui lihtsalt \u00e4\u00e4rmiselt professionaalne ja hiigla kasulik massaa\u017e (s\u00f5ltumata valitud massaa\u017ei t\u00fc\u00fcbist &#8211; <a href=\"https:\/\/leylalasberg.ee\/massaazid\/leyla-teraapiline-massaaz\/\">Leyla<\/a> on neis k\u00f5igis v\u00e4ga meisterlik!) vaid m\u00f5nus v\u00e4rskendav kogemus, millest jagub energiat veel pikaks ajaks! Soovitan soojalt, isegi tuliselt! \ud83d\ude42&#8221;<\/span><\/em><\/p>\n<\/div><\/section><\/div><div class=\"flex_column av_one_half  flex_column_div av-zero-column-padding first  avia-builder-el-19  el_after_av_one_half  el_before_av_one_half  column-top-margin\" style='border-radius:0px; '><section class=\"av_textblock_section \"  itemscope=\"itemscope\" itemtype=\"https:\/\/schema.org\/CreativeWork\" ><div class='avia_textblock  '  style='font-size:16px; '  itemprop=\"text\" ><p><strong><a href=\"https:\/\/www.google.com\/maps\/contrib\/112373834235732251522?hl=et-EE&amp;sa=X&amp;ved=2ahUKEwiL1KqZ7pPxAhUUBBAIHZsfCfQQvvQBegQIARBW\">Isao Ikegami:&#8221;<\/a><\/strong><em> I went sightseeing from Japan to Tallinn, Estonia in August 2019. I had Leyla receive three types of massage for three days. <a href=\"https:\/\/leylalasberg.ee\/massaazid\/leyla-teraapiline-massaaz\/\">Layla&#8217;s massage<\/a> is amazing. I have been receiving massages and studying all over the world, but Layla&#8217;s massages are the most relaxing and satisfying. I would like Layla to teach me a massage. Thank you for a wonderful massage.&#8221;<\/em><\/p>\n<\/div><\/section><\/div><div class=\"flex_column av_one_half  flex_column_div av-zero-column-padding   avia-builder-el-21  el_after_av_one_half  el_before_av_one_half  column-top-margin\" style='border-radius:0px; '><section class=\"av_textblock_section \"  itemscope=\"itemscope\" itemtype=\"https:\/\/schema.org\/CreativeWork\" ><div class='avia_textblock  '  style='font-size:16px; '  itemprop=\"text\" ><p><b><a href=\"https:\/\/www.google.com\/maps\/contrib\/113736214378411981180?hl=et-EE&amp;sa=X&amp;ved=2ahUKEwjbxrGb8JPxAhXNk4sKHaMfAZ4QvvQBegQIARA0\">Max M<\/a>: &#8220;<\/b><em>The massage from <a href=\"https:\/\/leylalasberg.ee\/massaazid\/leyla-teraapiline-massaaz\/\">Leyla<\/a> was fantastic. Real pro.<\/em><br \/>\n<em> Will definitely book with her again.&#8221;<\/em><\/p>\n<\/div><\/section><\/div><div class=\"flex_column av_one_half  flex_column_div av-zero-column-padding first  avia-builder-el-23  el_after_av_one_half  avia-builder-el-last  column-top-margin\" style='border-radius:0px; '><section class=\"av_textblock_section \"  itemscope=\"itemscope\" itemtype=\"https:\/\/schema.org\/CreativeWork\" ><div class='avia_textblock  '  style='font-size:16px; '  itemprop=\"text\" ><p><a href=\"https:\/\/www.google.com\/maps\/contrib\/114092978708820525625?hl=et-EE&amp;sa=X&amp;ved=2ahUKEwjbxrGb8JPxAhXNk4sKHaMfAZ4QvvQBegQIARBc\">Peter O&#8217;NEILL<\/a>: &#8220;<em>What a great massage from <a href=\"https:\/\/leylalasberg.ee\/massaazid\/leyla-teraapiline-massaaz\/\">Leyla<\/a>.. real expert and mixed<a href=\"https:\/\/leylalasberg.ee\/massaazid\/ravimassaaz\/\"> deep tissue<\/a> with more swedish style. Excellent.&#8221;<\/em><\/p>\n<div class=\"jxjCjc\">\n<div class=\"hTt9T\"><\/div>\n<\/div>\n<div class=\"GmO6pf\"><\/div>\n<div class=\"jxjCjc\">\n<div>\n<div class=\"hTt9T\"><\/div>\n<\/div>\n<\/div>\n<div class=\"GmO6pf\"><\/div>\n<\/div><\/section><\/div>\n<\/div><\/div><\/div><!-- close content main div --><\/div><div class='av-extra-border-element border-extra-arrow-down'><div class='av-extra-border-outer'><div class='av-extra-border-inner'  style='background-color:#f9f9f9;' ><\/div><\/div><\/div><\/div><div id='after_section_2'  class='main_color av_default_container_wrap container_wrap sidebar_right' style=' '  ><div class='container' ><div class='template-page content  av-content-small alpha units'><div class='post-entry post-entry-type-page post-entry-1027'><div class='entry-content-wrapper clearfix'>\n","protected":false},"excerpt":{"rendered":"","protected":false},"author":2,"featured_media":0,"parent":0,"menu_order":0,"comment_status":"closed","ping_status":"closed","template":"","meta":{"_joinchat":[],"footnotes":""},"class_list":["post-1027","page","type-page","status-publish","hentry"],"yoast_head":"<!-- This site is optimized with the Yoast SEO plugin v26.7 - https:\/\/yoast.com\/wordpress\/plugins\/seo\/ -->\n<title>Feedback - Leyla Lasberg Massaa\u017eiteraapia<\/title>\n<meta name=\"robots\" content=\"index, follow, max-snippet:-1, max-image-preview:large, max-video-preview:-1\" \/>\n<link rel=\"canonical\" href=\"https:\/\/leylalasberg.ee\/en\/feedback\/\" \/>\n<meta property=\"og:locale\" content=\"en_US\" \/>\n<meta property=\"og:type\" content=\"article\" \/>\n<meta property=\"og:title\" content=\"Feedback - Leyla Lasberg Massaa\u017eiteraapia\" \/>\n<meta property=\"og:url\" content=\"https:\/\/leylalasberg.ee\/en\/feedback\/\" \/>\n<meta property=\"og:site_name\" content=\"Leyla Lasberg Massaa\u017eiteraapia\" \/>\n<meta property=\"article:publisher\" content=\"https:\/\/www.facebook.com\/Leyla-Lasberg-Massaaiteraapia-102956271960336\" \/>\n<meta property=\"article:modified_time\" content=\"2021-06-13T08:31:56+00:00\" \/>\n<meta name=\"twitter:card\" content=\"summary_large_image\" \/>\n<meta name=\"twitter:label1\" content=\"Est. reading time\" \/>\n\t<meta name=\"twitter:data1\" content=\"14 minutes\" \/>\n<script type=\"application\/ld+json\" class=\"yoast-schema-graph\">{\"@context\":\"https:\/\/schema.org\",\"@graph\":[{\"@type\":\"WebPage\",\"@id\":\"https:\/\/leylalasberg.ee\/en\/feedback\/\",\"url\":\"https:\/\/leylalasberg.ee\/en\/feedback\/\",\"name\":\"Feedback - Leyla Lasberg Massaa\u017eiteraapia\",\"isPartOf\":{\"@id\":\"https:\/\/leylalasberg.ee\/#website\"},\"datePublished\":\"2021-06-13T08:30:22+00:00\",\"dateModified\":\"2021-06-13T08:31:56+00:00\",\"breadcrumb\":{\"@id\":\"https:\/\/leylalasberg.ee\/en\/feedback\/#breadcrumb\"},\"inLanguage\":\"en-US\",\"potentialAction\":[{\"@type\":\"ReadAction\",\"target\":[\"https:\/\/leylalasberg.ee\/en\/feedback\/\"]}]},{\"@type\":\"BreadcrumbList\",\"@id\":\"https:\/\/leylalasberg.ee\/en\/feedback\/#breadcrumb\",\"itemListElement\":[{\"@type\":\"ListItem\",\"position\":1,\"name\":\"Home\",\"item\":\"https:\/\/leylalasberg.ee\/en\/home\/\"},{\"@type\":\"ListItem\",\"position\":2,\"name\":\"Feedback\"}]},{\"@type\":\"WebSite\",\"@id\":\"https:\/\/leylalasberg.ee\/#website\",\"url\":\"https:\/\/leylalasberg.ee\/\",\"name\":\"Leyla Lasberg Massaa\u017eiteraapia\",\"description\":\"\",\"publisher\":{\"@id\":\"https:\/\/leylalasberg.ee\/#organization\"},\"potentialAction\":[{\"@type\":\"SearchAction\",\"target\":{\"@type\":\"EntryPoint\",\"urlTemplate\":\"https:\/\/leylalasberg.ee\/?s={search_term_string}\"},\"query-input\":{\"@type\":\"PropertyValueSpecification\",\"valueRequired\":true,\"valueName\":\"search_term_string\"}}],\"inLanguage\":\"en-US\"},{\"@type\":\"Organization\",\"@id\":\"https:\/\/leylalasberg.ee\/#organization\",\"name\":\"Leyla Lasberg Massaa\u017eiteraapia\",\"url\":\"https:\/\/leylalasberg.ee\/\",\"logo\":{\"@type\":\"ImageObject\",\"inLanguage\":\"en-US\",\"@id\":\"https:\/\/leylalasberg.ee\/#\/schema\/logo\/image\/\",\"url\":\"https:\/\/leylalasberg.ee\/wp-content\/uploads\/2021\/06\/PNG-Gold-1.png\",\"contentUrl\":\"https:\/\/leylalasberg.ee\/wp-content\/uploads\/2021\/06\/PNG-Gold-1.png\",\"width\":1600,\"height\":856,\"caption\":\"Leyla Lasberg Massaa\u017eiteraapia\"},\"image\":{\"@id\":\"https:\/\/leylalasberg.ee\/#\/schema\/logo\/image\/\"},\"sameAs\":[\"https:\/\/www.facebook.com\/Leyla-Lasberg-Massaaiteraapia-102956271960336\",\"https:\/\/www.instagram.com\/leylamassagetherapy\/\",\"https:\/\/wa.me\/message\/R3HH67GQVGC6C1\"]}]}<\/script>\n<!-- \/ Yoast SEO plugin. -->","yoast_head_json":{"title":"Feedback - Leyla Lasberg Massaa\u017eiteraapia","robots":{"index":"index","follow":"follow","max-snippet":"max-snippet:-1","max-image-preview":"max-image-preview:large","max-video-preview":"max-video-preview:-1"},"canonical":"https:\/\/leylalasberg.ee\/en\/feedback\/","og_locale":"en_US","og_type":"article","og_title":"Feedback - Leyla Lasberg Massaa\u017eiteraapia","og_url":"https:\/\/leylalasberg.ee\/en\/feedback\/","og_site_name":"Leyla Lasberg Massaa\u017eiteraapia","article_publisher":"https:\/\/www.facebook.com\/Leyla-Lasberg-Massaaiteraapia-102956271960336","article_modified_time":"2021-06-13T08:31:56+00:00","twitter_card":"summary_large_image","twitter_misc":{"Est. reading time":"14 minutes"},"schema":{"@context":"https:\/\/schema.org","@graph":[{"@type":"WebPage","@id":"https:\/\/leylalasberg.ee\/en\/feedback\/","url":"https:\/\/leylalasberg.ee\/en\/feedback\/","name":"Feedback - Leyla Lasberg Massaa\u017eiteraapia","isPartOf":{"@id":"https:\/\/leylalasberg.ee\/#website"},"datePublished":"2021-06-13T08:30:22+00:00","dateModified":"2021-06-13T08:31:56+00:00","breadcrumb":{"@id":"https:\/\/leylalasberg.ee\/en\/feedback\/#breadcrumb"},"inLanguage":"en-US","potentialAction":[{"@type":"ReadAction","target":["https:\/\/leylalasberg.ee\/en\/feedback\/"]}]},{"@type":"BreadcrumbList","@id":"https:\/\/leylalasberg.ee\/en\/feedback\/#breadcrumb","itemListElement":[{"@type":"ListItem","position":1,"name":"Home","item":"https:\/\/leylalasberg.ee\/en\/home\/"},{"@type":"ListItem","position":2,"name":"Feedback"}]},{"@type":"WebSite","@id":"https:\/\/leylalasberg.ee\/#website","url":"https:\/\/leylalasberg.ee\/","name":"Leyla Lasberg Massaa\u017eiteraapia","description":"","publisher":{"@id":"https:\/\/leylalasberg.ee\/#organization"},"potentialAction":[{"@type":"SearchAction","target":{"@type":"EntryPoint","urlTemplate":"https:\/\/leylalasberg.ee\/?s={search_term_string}"},"query-input":{"@type":"PropertyValueSpecification","valueRequired":true,"valueName":"search_term_string"}}],"inLanguage":"en-US"},{"@type":"Organization","@id":"https:\/\/leylalasberg.ee\/#organization","name":"Leyla Lasberg Massaa\u017eiteraapia","url":"https:\/\/leylalasberg.ee\/","logo":{"@type":"ImageObject","inLanguage":"en-US","@id":"https:\/\/leylalasberg.ee\/#\/schema\/logo\/image\/","url":"https:\/\/leylalasberg.ee\/wp-content\/uploads\/2021\/06\/PNG-Gold-1.png","contentUrl":"https:\/\/leylalasberg.ee\/wp-content\/uploads\/2021\/06\/PNG-Gold-1.png","width":1600,"height":856,"caption":"Leyla Lasberg Massaa\u017eiteraapia"},"image":{"@id":"https:\/\/leylalasberg.ee\/#\/schema\/logo\/image\/"},"sameAs":["https:\/\/www.facebook.com\/Leyla-Lasberg-Massaaiteraapia-102956271960336","https:\/\/www.instagram.com\/leylamassagetherapy\/","https:\/\/wa.me\/message\/R3HH67GQVGC6C1"]}]}},"_links":{"self":[{"href":"https:\/\/leylalasberg.ee\/en\/wp-json\/wp\/v2\/pages\/1027","targetHints":{"allow":["GET"]}}],"collection":[{"href":"https:\/\/leylalasberg.ee\/en\/wp-json\/wp\/v2\/pages"}],"about":[{"href":"https:\/\/leylalasberg.ee\/en\/wp-json\/wp\/v2\/types\/page"}],"author":[{"embeddable":true,"href":"https:\/\/leylalasberg.ee\/en\/wp-json\/wp\/v2\/users\/2"}],"replies":[{"embeddable":true,"href":"https:\/\/leylalasberg.ee\/en\/wp-json\/wp\/v2\/comments?post=1027"}],"version-history":[{"count":3,"href":"https:\/\/leylalasberg.ee\/en\/wp-json\/wp\/v2\/pages\/1027\/revisions"}],"predecessor-version":[{"id":1069,"href":"https:\/\/leylalasberg.ee\/en\/wp-json\/wp\/v2\/pages\/1027\/revisions\/1069"}],"wp:attachment":[{"href":"https:\/\/leylalasberg.ee\/en\/wp-json\/wp\/v2\/media?parent=1027"}],"curies":[{"name":"wp","href":"https:\/\/api.w.org\/{rel}","templated":true}]}}